{"id":7,"date":"2019-02-02T15:47:18","date_gmt":"2019-02-02T14:47:18","guid":{"rendered":"http:\/\/fermigoo.com\/?page_id=7"},"modified":"2020-06-20T23:36:55","modified_gmt":"2020-06-20T21:36:55","slug":"accueil","status":"publish","type":"page","link":"https:\/\/fermigoo.com\/","title":{"rendered":""},"content":{"rendered":"<p>EARL PACGB : 4 rue de la Maladrerie\u00a002110 Pr\u00e9mont &#8211; France<\/p>\n<p>Cuma Galaxie : 45 Rue Eug\u00e8ne Lefebvre 59238 Maretz &#8211; France<\/p>\n<p>Cuma de Bohlary : 45 Rue Eug\u00e8ne Lefebvre 59238 Maretz &#8211; France<\/p>\n<p>+33 6 12 94 24 14<\/p>\n","protected":false},"excerpt":{"rendered":"<p>EARL PACGB : 4 rue de la Maladrerie\u00a002110 Pr\u00e9mont &#8211; France Cuma Galaxie : 45 Rue Eug\u00e8ne Lefebvre 59238 Maretz &#8211; France Cuma de Bohlary : 45 Rue Eug\u00e8ne Lefebvre 59238 Maretz &#8211; France +33 6 12 94 24 14<\/p>\n","protected":false},"author":1,"featured_media":0,"parent":0,"menu_order":0,"comment_status":"closed","ping_status":"closed","template":"","meta":[],"_links":{"self":[{"href":"https:\/\/fermigoo.com\/index.php\/wp-json\/wp\/v2\/pages\/7"}],"collection":[{"href":"https:\/\/fermigoo.com\/index.php\/wp-json\/wp\/v2\/pages"}],"about":[{"href":"https:\/\/fermigoo.com\/index.php\/wp-json\/wp\/v2\/types\/page"}],"author":[{"embeddable":true,"href":"https:\/\/fermigoo.com\/index.php\/wp-json\/wp\/v2\/users\/1"}],"replies":[{"embeddable":true,"href":"https:\/\/fermigoo.com\/index.php\/wp-json\/wp\/v2\/comments?post=7"}],"version-history":[{"count":6,"href":"https:\/\/fermigoo.com\/index.php\/wp-json\/wp\/v2\/pages\/7\/revisions"}],"predecessor-version":[{"id":67,"href":"https:\/\/fermigoo.com\/index.php\/wp-json\/wp\/v2\/pages\/7\/revisions\/67"}],"wp:attachment":[{"href":"https:\/\/fermigoo.com\/index.php\/wp-json\/wp\/v2\/media?parent=7"}],"curies":[{"name":"wp","href":"https:\/\/api.w.org\/{rel}","templated":true}]}}